{"id":2,"date":"2014-08-14T08:16:18","date_gmt":"2014-08-14T08:16:18","guid":{"rendered":"http:\/\/pubweb.carnet.hr\/centarfrik\/?page_id=2"},"modified":"2014-10-09T20:25:44","modified_gmt":"2014-10-09T18:25:44","slug":"o-nama","status":"publish","type":"page","link":"https:\/\/centarfrik.hr\/?page_id=2","title":{"rendered":"O NAMA"},"content":{"rendered":"<h2 style=\"text-align: left\"><span class=\"style81\" style=\"font-weight: bold;color: #000080\">ZA\u0160TO FRIK?<\/span><\/h2>\n<p style=\"text-align: left\"><br style=\"font-weight: bold;color: #000066\" \/><strong><span class=\"style57\" style=\"color: #000066\"><span class=\"style56\"><span style=\"color: #808080\">U na\u0161em \u017eargonu -frik- je osoba kojoj je jaaako stalo do nekoga ili ne\u010dega, osoba koja je -zalu\u0111ena- nekom aktivno\u0161\u0107u. Kako smo svi mi zaljubljenici u sport, rekreaciju, izlete, prirodu i zdravlje op\u0107enito, i to toliki zaljubljenici, da su nas priatelji nazvali -frikovima-, odlu\u010dili smo da i na\u0161 klub dobije isto ime, u \u017eelji da i na\u0161i polaznici uvide na\u0161 stil, te da se i oni, barem djelomi\u010dno, njime zaraze.<\/span><\/span><\/span><\/strong><span class=\"style57\" style=\"font-weight: bold;color: #000066\"><span class=\"style56\"><br \/>\n<\/span><\/span><\/p>\n<p>\u00a0<span style=\"color: #000080\"><a href=\"http:\/\/pubweb.carnet.hr\/centarfrik\/wp-content\/uploads\/sites\/128\/2014\/09\/girl-fitness.jpg\"><span style=\"color: #000080\"><img loading=\"lazy\" decoding=\"async\" class=\"alignnone size-large wp-image-9\" src=\"http:\/\/pubweb.carnet.hr\/centarfrik\/wp-content\/uploads\/sites\/128\/2014\/09\/girl-fitness-1024x639.jpg\" alt=\"girl-fitness\" width=\"1024\" height=\"639\" srcset=\"https:\/\/centarfrik.hr\/wp-content\/uploads\/sites\/128\/2014\/09\/girl-fitness-1024x639.jpg 1024w, https:\/\/centarfrik.hr\/wp-content\/uploads\/sites\/128\/2014\/09\/girl-fitness-300x187.jpg 300w, https:\/\/centarfrik.hr\/wp-content\/uploads\/sites\/128\/2014\/09\/girl-fitness.jpg 1701w\" sizes=\"auto, (max-width: 1024px) 100vw, 1024px\" \/><\/span><\/a><\/span><\/p>\n<h3><span style=\"font-weight: bold;color: #000080\">PO\u010cECI<\/span><\/h3>\n<p><br style=\"font-weight: bold;color: #cccccc\" \/><span class=\"style70\">SRD &#8220;Frik&#8221; je registrirano 2006.godine, ali svoje korijene vu\u010de iz &#8220;Centra Frik&#8221; nekoliko godina unatrag. Svoju prvu samostalnu dvoranu pod nazivom &#8220;Frik&#8221; koristimo u Dupcu od 2005. godine.<br \/>\nZapo\u010deli smo s vo\u0111enjem programa aerobike,\u00a0<a style=\"color: #cc6699\" title=\"JOGA\" href=\"http:\/\/pubweb.carnet.hr\/centarfrik\/joga\/\">joge\u00a0<\/a>i\u00a0<a style=\"color: #cc6699\" title=\"PILATES\" href=\"http:\/\/pubweb.carnet.hr\/centarfrik\/pilates\/\">pilatesa<\/a>, te\u00a0svake sezone pro\u0161irujemo ponudu.\u00a0<\/span><\/p>\n","protected":false},"excerpt":{"rendered":"<p>ZA\u0160TO FRIK? U na\u0161em \u017eargonu -frik- je osoba kojoj je jaaako stalo do nekoga ili ne\u010dega, osoba koja je -zalu\u0111ena- nekom aktivno\u0161\u0107u. Kako smo svi mi zaljubljenici u sport, rekreaciju, izlete, prirodu i zdravlje op\u0107enito, i to toliki zaljubljenici, da su nas priatelji nazvali -frikovima-, odlu\u010dili smo da i na\u0161 klub dobije isto ime, u [&hellip;]<\/p>\n","protected":false},"author":126,"featured_media":0,"parent":0,"menu_order":0,"comment_status":"open","ping_status":"open","template":"","meta":{"footnotes":""},"class_list":["post-2","page","type-page","status-publish","czr-hentry"],"_links":{"self":[{"href":"https:\/\/centarfrik.hr\/index.php?rest_route=\/wp\/v2\/pages\/2","targetHints":{"allow":["GET"]}}],"collection":[{"href":"https:\/\/centarfrik.hr\/index.php?rest_route=\/wp\/v2\/pages"}],"about":[{"href":"https:\/\/centarfrik.hr\/index.php?rest_route=\/wp\/v2\/types\/page"}],"author":[{"embeddable":true,"href":"https:\/\/centarfrik.hr\/index.php?rest_route=\/wp\/v2\/users\/126"}],"replies":[{"embeddable":true,"href":"https:\/\/centarfrik.hr\/index.php?rest_route=%2Fwp%2Fv2%2Fcomments&post=2"}],"version-history":[{"count":0,"href":"https:\/\/centarfrik.hr\/index.php?rest_route=\/wp\/v2\/pages\/2\/revisions"}],"wp:attachment":[{"href":"https:\/\/centarfrik.hr\/index.php?rest_route=%2Fwp%2Fv2%2Fmedia&parent=2"}],"curies":[{"name":"wp","href":"https:\/\/api.w.org\/{rel}","templated":true}]}}