{"id":16,"date":"2014-09-01T17:15:53","date_gmt":"2014-09-01T17:15:53","guid":{"rendered":"http:\/\/pubweb.carnet.hr\/centarfrik\/?page_id=16"},"modified":"2014-10-09T20:25:21","modified_gmt":"2014-10-09T18:25:21","slug":"joga","status":"publish","type":"page","link":"https:\/\/centarfrik.hr\/?page_id=16","title":{"rendered":"MEDICINSKA JOGA"},"content":{"rendered":"<p style=\"text-align: left\"><a href=\"http:\/\/pubweb.carnet.hr\/centarfrik\/wp-content\/uploads\/sites\/128\/2014\/09\/666.jpg\"><img loading=\"lazy\" decoding=\"async\" class=\"alignleft  wp-image-105\" src=\"http:\/\/pubweb.carnet.hr\/centarfrik\/wp-content\/uploads\/sites\/128\/2014\/09\/666.jpg\" alt=\"666\" width=\"480\" height=\"480\" srcset=\"https:\/\/centarfrik.hr\/wp-content\/uploads\/sites\/128\/2014\/09\/666.jpg 381w, https:\/\/centarfrik.hr\/wp-content\/uploads\/sites\/128\/2014\/09\/666-150x150.jpg 150w, https:\/\/centarfrik.hr\/wp-content\/uploads\/sites\/128\/2014\/09\/666-300x300.jpg 300w\" sizes=\"auto, (max-width: 480px) 100vw, 480px\" \/><\/a><\/p>\n<div style=\"text-align: left\"><\/div>\n<div style=\"text-align: left\">Medicinska joga je program je sastavljen od vje\u017ebi hatha \u010diji je zdravstveni u\u010dinak davno dokazala zapadnja\u010dka medicina.<\/div>\n<div style=\"text-align: left\">Sastoji se od vje\u017ebi istezanja, snage i ravnote\u017ee, laganog do umjerenog intenziteta, usmjerenih na postizanje i odr\u017eavanje zdravlja, te vje\u017ebi disanja i opu\u0161tanja usmjerenih na umanjenje negativnih u\u010dinaka stresa, napetosti i nervoze, te u\u010denje pravilnog disanja.<\/div>\n<div style=\"text-align: left\"><\/div>\n<div style=\"text-align: left\">CILJ programa je postizanje i odr\u017eavanje optimalnog zdravstvenog stanja cijelog tijela putem vje\u017ebi niskog do srednjeg intanziteta.<\/div>\n<div style=\"text-align: left\"><\/div>\n<div style=\"text-align: left\">ZDRAVSTVENI SU U\u010cINCI vrlo brzo uo\u010dljivi u vidu uklanjanja i prevencije bolova u kralje\u0161nici, vratu i le\u0111ima, pove\u0107anju fleksibilnosti, ja\u010danju muskulateure prvenstveno trbuha i le\u0111a, smanjenju napetosti i nervoze, pobolj\u0161anju cirkulacije, zdravijem i mirnijem snu, pobolj\u0161anju probave\u2026.<\/div>\n<div style=\"text-align: left\"><\/div>\n<div style=\"text-align: left\">PREPORU\u010cA SE osobama sa problemima mi\u0161i\u0107no-zglobnog sustava, osobama koje pate zbog posljedica nakupljanja prekomjernog stresa i svima koji \u017eele pobolj\u0161ati svoje zdravlje putem ugodnih vje\u017ebi niskog do srednjeg intenziteta.<br \/>\nOdli\u010dan je za sve osobe od 9 &#8211; 99 godina.<\/div>\n","protected":false},"excerpt":{"rendered":"<p>Medicinska joga je program je sastavljen od vje\u017ebi hatha \u010diji je zdravstveni u\u010dinak davno dokazala zapadnja\u010dka medicina. Sastoji se od vje\u017ebi istezanja, snage i ravnote\u017ee, laganog do umjerenog intenziteta, usmjerenih na postizanje i odr\u017eavanje zdravlja, te vje\u017ebi disanja i opu\u0161tanja usmjerenih na umanjenje negativnih u\u010dinaka stresa, napetosti i nervoze, te u\u010denje pravilnog disanja. CILJ programa [&hellip;]<\/p>\n","protected":false},"author":126,"featured_media":83,"parent":0,"menu_order":0,"comment_status":"open","ping_status":"open","template":"","meta":{"footnotes":""},"class_list":["post-16","page","type-page","status-publish","has-post-thumbnail","czr-hentry"],"_links":{"self":[{"href":"https:\/\/centarfrik.hr\/index.php?rest_route=\/wp\/v2\/pages\/16","targetHints":{"allow":["GET"]}}],"collection":[{"href":"https:\/\/centarfrik.hr\/index.php?rest_route=\/wp\/v2\/pages"}],"about":[{"href":"https:\/\/centarfrik.hr\/index.php?rest_route=\/wp\/v2\/types\/page"}],"author":[{"embeddable":true,"href":"https:\/\/centarfrik.hr\/index.php?rest_route=\/wp\/v2\/users\/126"}],"replies":[{"embeddable":true,"href":"https:\/\/centarfrik.hr\/index.php?rest_route=%2Fwp%2Fv2%2Fcomments&post=16"}],"version-history":[{"count":0,"href":"https:\/\/centarfrik.hr\/index.php?rest_route=\/wp\/v2\/pages\/16\/revisions"}],"wp:featuredmedia":[{"embeddable":true,"href":"https:\/\/centarfrik.hr\/index.php?rest_route=\/wp\/v2\/media\/83"}],"wp:attachment":[{"href":"https:\/\/centarfrik.hr\/index.php?rest_route=%2Fwp%2Fv2%2Fmedia&parent=16"}],"curies":[{"name":"wp","href":"https:\/\/api.w.org\/{rel}","templated":true}]}}